{"id":854,"date":"2026-05-14T14:21:16","date_gmt":"2026-05-14T14:21:16","guid":{"rendered":"https:\/\/dailyneedsmall.shop\/?post_type=product&#038;p=854"},"modified":"2026-05-14T14:36:35","modified_gmt":"2026-05-14T14:36:35","slug":"no-pull-dog-harness-leash-set-2-counts-set-escape-proof-reflective-adjustable-pet-vest-soft-padded-pet-harness-with-handle-for-small-to-large-dogs","status":"publish","type":"product","link":"https:\/\/dailyneedsmall.shop\/de\/produkt\/no-pull-dog-harness-leash-set-2-counts-set-escape-proof-reflective-adjustable-pet-vest-soft-padded-pet-harness-with-handle-for-small-to-large-dogs\/","title":{"rendered":"No Pull Dog Harness &#038; Leash Set (2 Counts\/set), Escape Proof Reflective Adjustable Pet Vest, Soft Padded Pet Harness with Handle for Small To Large Dogs"},"content":{"rendered":"<div data-elementor-type=\"product-post\" data-elementor-id=\"854\" class=\"elementor elementor-854\" data-elementor-post-type=\"product\">\n\t\t\t\t<div class=\"elementor-element elementor-element-73c3757d e-flex e-con-boxed e-con e-parent\" data-id=\"73c3757d\" data-element_type=\"container\" data-e-type=\"container\" data-settings=\"{&quot;ekit_has_onepagescroll_dot&quot;:&quot;yes&quot;}\">\n\t\t\t\t\t<div class=\"e-con-inner\">\n\t\t\t\t<div class=\"elementor-element elementor-element-7254c627 elementor-widget elementor-widget-image\" data-id=\"7254c627\" data-element_type=\"widget\" data-e-type=\"widget\" data-settings=\"{&quot;ekit_we_effect_on&quot;:&quot;none&quot;}\" data-widget_type=\"image.default\">\n\t\t\t\t\t\t\t\t\t\t\t\t\t\t\t<img fetchpriority=\"high\" decoding=\"async\" width=\"1600\" height=\"1600\" src=\"https:\/\/dailyneedsmall.shop\/wp-content\/uploads\/2026\/05\/575dfbdf513c4fbdb3346fce5007cfd3.jpeg_tplv-a9rns2rl98-image_pre_watermark_1_5b-1.jpg\" class=\"attachment-full size-full wp-image-864 wvs-archive-product-image\" alt=\"\" srcset=\"https:\/\/dailyneedsmall.shop\/wp-content\/uploads\/2026\/05\/575dfbdf513c4fbdb3346fce5007cfd3.jpeg_tplv-a9rns2rl98-image_pre_watermark_1_5b-1.jpg 1600w, https:\/\/dailyneedsmall.shop\/wp-content\/uploads\/2026\/05\/575dfbdf513c4fbdb3346fce5007cfd3.jpeg_tplv-a9rns2rl98-image_pre_watermark_1_5b-1-300x300.jpg 300w, https:\/\/dailyneedsmall.shop\/wp-content\/uploads\/2026\/05\/575dfbdf513c4fbdb3346fce5007cfd3.jpeg_tplv-a9rns2rl98-image_pre_watermark_1_5b-1-1024x1024.jpg 1024w, https:\/\/dailyneedsmall.shop\/wp-content\/uploads\/2026\/05\/575dfbdf513c4fbdb3346fce5007cfd3.jpeg_tplv-a9rns2rl98-image_pre_watermark_1_5b-1-150x150.jpg 150w, https:\/\/dailyneedsmall.shop\/wp-content\/uploads\/2026\/05\/575dfbdf513c4fbdb3346fce5007cfd3.jpeg_tplv-a9rns2rl98-image_pre_watermark_1_5b-1-768x768.jpg 768w, https:\/\/dailyneedsmall.shop\/wp-content\/uploads\/2026\/05\/575dfbdf513c4fbdb3346fce5007cfd3.jpeg_tplv-a9rns2rl98-image_pre_watermark_1_5b-1-1536x1536.jpg 1536w, https:\/\/dailyneedsmall.shop\/wp-content\/uploads\/2026\/05\/575dfbdf513c4fbdb3346fce5007cfd3.jpeg_tplv-a9rns2rl98-image_pre_watermark_1_5b-1-12x12.jpg 12w, https:\/\/dailyneedsmall.shop\/wp-content\/uploads\/2026\/05\/575dfbdf513c4fbdb3346fce5007cfd3.jpeg_tplv-a9rns2rl98-image_pre_watermark_1_5b-1-600x600.jpg 600w, https:\/\/dailyneedsmall.shop\/wp-content\/uploads\/2026\/05\/575dfbdf513c4fbdb3346fce5007cfd3.jpeg_tplv-a9rns2rl98-image_pre_watermark_1_5b-1-100x100.jpg 100w, https:\/\/dailyneedsmall.shop\/wp-content\/uploads\/2026\/05\/575dfbdf513c4fbdb3346fce5007cfd3.jpeg_tplv-a9rns2rl98-image_pre_watermark_1_5b-1-50x50.jpg 50w\" sizes=\"(max-width: 1600px) 100vw, 1600px\" \/>\t\t\t\t\t\t\t\t\t\t\t\t\t\t\t<\/div>\n\t\t\t\t<div class=\"elementor-element elementor-element-7589c741 elementor-widget elementor-widget-image\" data-id=\"7589c741\" data-element_type=\"widget\" data-e-type=\"widget\" data-settings=\"{&quot;ekit_we_effect_on&quot;:&quot;none&quot;}\" data-widget_type=\"image.default\">\n\t\t\t\t\t\t\t\t\t\t\t\t\t\t\t<img decoding=\"async\" width=\"1600\" height=\"1600\" src=\"https:\/\/dailyneedsmall.shop\/wp-content\/uploads\/2026\/05\/79bd0eb3137b4ca1870a1d9f748ecff6.jpeg_tplv-a9rns2rl98-image_pre_watermark_1_5b-1.jpg\" class=\"attachment-full size-full wp-image-865 wvs-archive-product-image\" alt=\"\" srcset=\"https:\/\/dailyneedsmall.shop\/wp-content\/uploads\/2026\/05\/79bd0eb3137b4ca1870a1d9f748ecff6.jpeg_tplv-a9rns2rl98-image_pre_watermark_1_5b-1.jpg 1600w, https:\/\/dailyneedsmall.shop\/wp-content\/uploads\/2026\/05\/79bd0eb3137b4ca1870a1d9f748ecff6.jpeg_tplv-a9rns2rl98-image_pre_watermark_1_5b-1-300x300.jpg 300w, https:\/\/dailyneedsmall.shop\/wp-content\/uploads\/2026\/05\/79bd0eb3137b4ca1870a1d9f748ecff6.jpeg_tplv-a9rns2rl98-image_pre_watermark_1_5b-1-1024x1024.jpg 1024w, https:\/\/dailyneedsmall.shop\/wp-content\/uploads\/2026\/05\/79bd0eb3137b4ca1870a1d9f748ecff6.jpeg_tplv-a9rns2rl98-image_pre_watermark_1_5b-1-150x150.jpg 150w, https:\/\/dailyneedsmall.shop\/wp-content\/uploads\/2026\/05\/79bd0eb3137b4ca1870a1d9f748ecff6.jpeg_tplv-a9rns2rl98-image_pre_watermark_1_5b-1-768x768.jpg 768w, https:\/\/dailyneedsmall.shop\/wp-content\/uploads\/2026\/05\/79bd0eb3137b4ca1870a1d9f748ecff6.jpeg_tplv-a9rns2rl98-image_pre_watermark_1_5b-1-1536x1536.jpg 1536w, https:\/\/dailyneedsmall.shop\/wp-content\/uploads\/2026\/05\/79bd0eb3137b4ca1870a1d9f748ecff6.jpeg_tplv-a9rns2rl98-image_pre_watermark_1_5b-1-12x12.jpg 12w, https:\/\/dailyneedsmall.shop\/wp-content\/uploads\/2026\/05\/79bd0eb3137b4ca1870a1d9f748ecff6.jpeg_tplv-a9rns2rl98-image_pre_watermark_1_5b-1-600x600.jpg 600w, https:\/\/dailyneedsmall.shop\/wp-content\/uploads\/2026\/05\/79bd0eb3137b4ca1870a1d9f748ecff6.jpeg_tplv-a9rns2rl98-image_pre_watermark_1_5b-1-100x100.jpg 100w, https:\/\/dailyneedsmall.shop\/wp-content\/uploads\/2026\/05\/79bd0eb3137b4ca1870a1d9f748ecff6.jpeg_tplv-a9rns2rl98-image_pre_watermark_1_5b-1-50x50.jpg 50w\" sizes=\"(max-width: 1600px) 100vw, 1600px\" \/>\t\t\t\t\t\t\t\t\t\t\t\t\t\t\t<\/div>\n\t\t\t\t<div class=\"elementor-element elementor-element-3f766186 elementor-widget elementor-widget-image\" data-id=\"3f766186\" data-element_type=\"widget\" data-e-type=\"widget\" data-settings=\"{&quot;ekit_we_effect_on&quot;:&quot;none&quot;}\" data-widget_type=\"image.default\">\n\t\t\t\t\t\t\t\t\t\t\t\t\t\t\t<img decoding=\"async\" width=\"1600\" height=\"1600\" src=\"https:\/\/dailyneedsmall.shop\/wp-content\/uploads\/2026\/05\/d6ac94ae095848798c8e19a35eb31627.jpeg_tplv-a9rns2rl98-image_pre_watermark_1_5b-1.jpg\" class=\"attachment-full size-full wp-image-866 wvs-archive-product-image\" alt=\"\" srcset=\"https:\/\/dailyneedsmall.shop\/wp-content\/uploads\/2026\/05\/d6ac94ae095848798c8e19a35eb31627.jpeg_tplv-a9rns2rl98-image_pre_watermark_1_5b-1.jpg 1600w, https:\/\/dailyneedsmall.shop\/wp-content\/uploads\/2026\/05\/d6ac94ae095848798c8e19a35eb31627.jpeg_tplv-a9rns2rl98-image_pre_watermark_1_5b-1-300x300.jpg 300w, https:\/\/dailyneedsmall.shop\/wp-content\/uploads\/2026\/05\/d6ac94ae095848798c8e19a35eb31627.jpeg_tplv-a9rns2rl98-image_pre_watermark_1_5b-1-1024x1024.jpg 1024w, https:\/\/dailyneedsmall.shop\/wp-content\/uploads\/2026\/05\/d6ac94ae095848798c8e19a35eb31627.jpeg_tplv-a9rns2rl98-image_pre_watermark_1_5b-1-150x150.jpg 150w, https:\/\/dailyneedsmall.shop\/wp-content\/uploads\/2026\/05\/d6ac94ae095848798c8e19a35eb31627.jpeg_tplv-a9rns2rl98-image_pre_watermark_1_5b-1-768x768.jpg 768w, https:\/\/dailyneedsmall.shop\/wp-content\/uploads\/2026\/05\/d6ac94ae095848798c8e19a35eb31627.jpeg_tplv-a9rns2rl98-image_pre_watermark_1_5b-1-1536x1536.jpg 1536w, https:\/\/dailyneedsmall.shop\/wp-content\/uploads\/2026\/05\/d6ac94ae095848798c8e19a35eb31627.jpeg_tplv-a9rns2rl98-image_pre_watermark_1_5b-1-12x12.jpg 12w, https:\/\/dailyneedsmall.shop\/wp-content\/uploads\/2026\/05\/d6ac94ae095848798c8e19a35eb31627.jpeg_tplv-a9rns2rl98-image_pre_watermark_1_5b-1-600x600.jpg 600w, https:\/\/dailyneedsmall.shop\/wp-content\/uploads\/2026\/05\/d6ac94ae095848798c8e19a35eb31627.jpeg_tplv-a9rns2rl98-image_pre_watermark_1_5b-1-100x100.jpg 100w, https:\/\/dailyneedsmall.shop\/wp-content\/uploads\/2026\/05\/d6ac94ae095848798c8e19a35eb31627.jpeg_tplv-a9rns2rl98-image_pre_watermark_1_5b-1-50x50.jpg 50w\" sizes=\"(max-width: 1600px) 100vw, 1600px\" \/>\t\t\t\t\t\t\t\t\t\t\t\t\t\t\t<\/div>\n\t\t\t\t<div class=\"elementor-element elementor-element-cff4197 elementor-widget elementor-widget-image\" data-id=\"cff4197\" data-element_type=\"widget\" data-e-type=\"widget\" data-settings=\"{&quot;ekit_we_effect_on&quot;:&quot;none&quot;}\" data-widget_type=\"image.default\">\n\t\t\t\t\t\t\t\t\t\t\t\t\t\t\t<img loading=\"lazy\" decoding=\"async\" width=\"1600\" height=\"1600\" src=\"https:\/\/dailyneedsmall.shop\/wp-content\/uploads\/2026\/05\/2ead9fe06e3c4456ba3bcccfa05988e5.jpeg_tplv-a9rns2rl98-image_pre_watermark_1_5b-1.jpg\" class=\"attachment-full size-full wp-image-867 wvs-archive-product-image\" alt=\"\" srcset=\"https:\/\/dailyneedsmall.shop\/wp-content\/uploads\/2026\/05\/2ead9fe06e3c4456ba3bcccfa05988e5.jpeg_tplv-a9rns2rl98-image_pre_watermark_1_5b-1.jpg 1600w, https:\/\/dailyneedsmall.shop\/wp-content\/uploads\/2026\/05\/2ead9fe06e3c4456ba3bcccfa05988e5.jpeg_tplv-a9rns2rl98-image_pre_watermark_1_5b-1-300x300.jpg 300w, https:\/\/dailyneedsmall.shop\/wp-content\/uploads\/2026\/05\/2ead9fe06e3c4456ba3bcccfa05988e5.jpeg_tplv-a9rns2rl98-image_pre_watermark_1_5b-1-1024x1024.jpg 1024w, https:\/\/dailyneedsmall.shop\/wp-content\/uploads\/2026\/05\/2ead9fe06e3c4456ba3bcccfa05988e5.jpeg_tplv-a9rns2rl98-image_pre_watermark_1_5b-1-150x150.jpg 150w, https:\/\/dailyneedsmall.shop\/wp-content\/uploads\/2026\/05\/2ead9fe06e3c4456ba3bcccfa05988e5.jpeg_tplv-a9rns2rl98-image_pre_watermark_1_5b-1-768x768.jpg 768w, https:\/\/dailyneedsmall.shop\/wp-content\/uploads\/2026\/05\/2ead9fe06e3c4456ba3bcccfa05988e5.jpeg_tplv-a9rns2rl98-image_pre_watermark_1_5b-1-1536x1536.jpg 1536w, https:\/\/dailyneedsmall.shop\/wp-content\/uploads\/2026\/05\/2ead9fe06e3c4456ba3bcccfa05988e5.jpeg_tplv-a9rns2rl98-image_pre_watermark_1_5b-1-12x12.jpg 12w, https:\/\/dailyneedsmall.shop\/wp-content\/uploads\/2026\/05\/2ead9fe06e3c4456ba3bcccfa05988e5.jpeg_tplv-a9rns2rl98-image_pre_watermark_1_5b-1-600x600.jpg 600w, https:\/\/dailyneedsmall.shop\/wp-content\/uploads\/2026\/05\/2ead9fe06e3c4456ba3bcccfa05988e5.jpeg_tplv-a9rns2rl98-image_pre_watermark_1_5b-1-100x100.jpg 100w, https:\/\/dailyneedsmall.shop\/wp-content\/uploads\/2026\/05\/2ead9fe06e3c4456ba3bcccfa05988e5.jpeg_tplv-a9rns2rl98-image_pre_watermark_1_5b-1-50x50.jpg 50w\" sizes=\"(max-width: 1600px) 100vw, 1600px\" \/>\t\t\t\t\t\t\t\t\t\t\t\t\t\t\t<\/div>\n\t\t\t\t<div class=\"elementor-element elementor-element-460ec3a9 elementor-widget elementor-widget-image\" data-id=\"460ec3a9\" data-element_type=\"widget\" data-e-type=\"widget\" data-settings=\"{&quot;ekit_we_effect_on&quot;:&quot;none&quot;}\" data-widget_type=\"image.default\">\n\t\t\t\t\t\t\t\t\t\t\t\t\t\t\t<img loading=\"lazy\" decoding=\"async\" width=\"1600\" height=\"1600\" src=\"https:\/\/dailyneedsmall.shop\/wp-content\/uploads\/2026\/05\/Sbbf540fb1cd34876929ed7d51ef05d4e4-1.webp\" class=\"attachment-full size-full wp-image-868 wvs-archive-product-image\" alt=\"\" srcset=\"https:\/\/dailyneedsmall.shop\/wp-content\/uploads\/2026\/05\/Sbbf540fb1cd34876929ed7d51ef05d4e4-1.webp 1600w, https:\/\/dailyneedsmall.shop\/wp-content\/uploads\/2026\/05\/Sbbf540fb1cd34876929ed7d51ef05d4e4-1-300x300.webp 300w, https:\/\/dailyneedsmall.shop\/wp-content\/uploads\/2026\/05\/Sbbf540fb1cd34876929ed7d51ef05d4e4-1-1024x1024.webp 1024w, https:\/\/dailyneedsmall.shop\/wp-content\/uploads\/2026\/05\/Sbbf540fb1cd34876929ed7d51ef05d4e4-1-150x150.webp 150w, https:\/\/dailyneedsmall.shop\/wp-content\/uploads\/2026\/05\/Sbbf540fb1cd34876929ed7d51ef05d4e4-1-768x768.webp 768w, https:\/\/dailyneedsmall.shop\/wp-content\/uploads\/2026\/05\/Sbbf540fb1cd34876929ed7d51ef05d4e4-1-1536x1536.webp 1536w, https:\/\/dailyneedsmall.shop\/wp-content\/uploads\/2026\/05\/Sbbf540fb1cd34876929ed7d51ef05d4e4-1-12x12.webp 12w, https:\/\/dailyneedsmall.shop\/wp-content\/uploads\/2026\/05\/Sbbf540fb1cd34876929ed7d51ef05d4e4-1-600x600.webp 600w, https:\/\/dailyneedsmall.shop\/wp-content\/uploads\/2026\/05\/Sbbf540fb1cd34876929ed7d51ef05d4e4-1-100x100.webp 100w, https:\/\/dailyneedsmall.shop\/wp-content\/uploads\/2026\/05\/Sbbf540fb1cd34876929ed7d51ef05d4e4-1-50x50.webp 50w\" sizes=\"(max-width: 1600px) 100vw, 1600px\" \/>\t\t\t\t\t\t\t\t\t\t\t\t\t\t\t<\/div>\n\t\t\t\t<div class=\"elementor-element elementor-element-57462be5 elementor-widget elementor-widget-image\" data-id=\"57462be5\" data-element_type=\"widget\" data-e-type=\"widget\" data-settings=\"{&quot;ekit_we_effect_on&quot;:&quot;none&quot;}\" data-widget_type=\"image.default\">\n\t\t\t\t\t\t\t\t\t\t\t\t\t\t\t<img loading=\"lazy\" decoding=\"async\" width=\"1600\" height=\"1600\" src=\"https:\/\/dailyneedsmall.shop\/wp-content\/uploads\/2026\/05\/S69d31df00e074dfe850fc815f500786bB-1.webp\" class=\"attachment-full size-full wp-image-869 wvs-archive-product-image\" alt=\"\" srcset=\"https:\/\/dailyneedsmall.shop\/wp-content\/uploads\/2026\/05\/S69d31df00e074dfe850fc815f500786bB-1.webp 1600w, https:\/\/dailyneedsmall.shop\/wp-content\/uploads\/2026\/05\/S69d31df00e074dfe850fc815f500786bB-1-300x300.webp 300w, https:\/\/dailyneedsmall.shop\/wp-content\/uploads\/2026\/05\/S69d31df00e074dfe850fc815f500786bB-1-1024x1024.webp 1024w, https:\/\/dailyneedsmall.shop\/wp-content\/uploads\/2026\/05\/S69d31df00e074dfe850fc815f500786bB-1-150x150.webp 150w, https:\/\/dailyneedsmall.shop\/wp-content\/uploads\/2026\/05\/S69d31df00e074dfe850fc815f500786bB-1-768x768.webp 768w, https:\/\/dailyneedsmall.shop\/wp-content\/uploads\/2026\/05\/S69d31df00e074dfe850fc815f500786bB-1-1536x1536.webp 1536w, https:\/\/dailyneedsmall.shop\/wp-content\/uploads\/2026\/05\/S69d31df00e074dfe850fc815f500786bB-1-12x12.webp 12w, https:\/\/dailyneedsmall.shop\/wp-content\/uploads\/2026\/05\/S69d31df00e074dfe850fc815f500786bB-1-600x600.webp 600w, https:\/\/dailyneedsmall.shop\/wp-content\/uploads\/2026\/05\/S69d31df00e074dfe850fc815f500786bB-1-100x100.webp 100w, https:\/\/dailyneedsmall.shop\/wp-content\/uploads\/2026\/05\/S69d31df00e074dfe850fc815f500786bB-1-50x50.webp 50w\" sizes=\"(max-width: 1600px) 100vw, 1600px\" \/>\t\t\t\t\t\t\t\t\t\t\t\t\t\t\t<\/div>\n\t\t\t\t<div class=\"elementor-element elementor-element-6439a672 elementor-widget elementor-widget-image\" data-id=\"6439a672\" data-element_type=\"widget\" data-e-type=\"widget\" data-settings=\"{&quot;ekit_we_effect_on&quot;:&quot;none&quot;}\" data-widget_type=\"image.default\">\n\t\t\t\t\t\t\t\t\t\t\t\t\t\t\t<img loading=\"lazy\" decoding=\"async\" width=\"1600\" height=\"1600\" src=\"https:\/\/dailyneedsmall.shop\/wp-content\/uploads\/2026\/05\/S9f480ca090524746b4f4f6571a13a064h-1.webp\" class=\"attachment-full size-full wp-image-870 wvs-archive-product-image\" alt=\"\" srcset=\"https:\/\/dailyneedsmall.shop\/wp-content\/uploads\/2026\/05\/S9f480ca090524746b4f4f6571a13a064h-1.webp 1600w, https:\/\/dailyneedsmall.shop\/wp-content\/uploads\/2026\/05\/S9f480ca090524746b4f4f6571a13a064h-1-300x300.webp 300w, https:\/\/dailyneedsmall.shop\/wp-content\/uploads\/2026\/05\/S9f480ca090524746b4f4f6571a13a064h-1-1024x1024.webp 1024w, https:\/\/dailyneedsmall.shop\/wp-content\/uploads\/2026\/05\/S9f480ca090524746b4f4f6571a13a064h-1-150x150.webp 150w, https:\/\/dailyneedsmall.shop\/wp-content\/uploads\/2026\/05\/S9f480ca090524746b4f4f6571a13a064h-1-768x768.webp 768w, https:\/\/dailyneedsmall.shop\/wp-content\/uploads\/2026\/05\/S9f480ca090524746b4f4f6571a13a064h-1-1536x1536.webp 1536w, https:\/\/dailyneedsmall.shop\/wp-content\/uploads\/2026\/05\/S9f480ca090524746b4f4f6571a13a064h-1-12x12.webp 12w, https:\/\/dailyneedsmall.shop\/wp-content\/uploads\/2026\/05\/S9f480ca090524746b4f4f6571a13a064h-1-600x600.webp 600w, https:\/\/dailyneedsmall.shop\/wp-content\/uploads\/2026\/05\/S9f480ca090524746b4f4f6571a13a064h-1-100x100.webp 100w, https:\/\/dailyneedsmall.shop\/wp-content\/uploads\/2026\/05\/S9f480ca090524746b4f4f6571a13a064h-1-50x50.webp 50w\" sizes=\"(max-width: 1600px) 100vw, 1600px\" \/>\t\t\t\t\t\t\t\t\t\t\t\t\t\t\t<\/div>\n\t\t\t\t<div class=\"elementor-element elementor-element-353e923d elementor-widget elementor-widget-text-editor\" data-id=\"353e923d\" data-element_type=\"widget\" data-e-type=\"widget\" data-settings=\"{&quot;ekit_we_effect_on&quot;:&quot;none&quot;}\" data-widget_type=\"text-editor.default\">\n\t\t\t\t\t\t\t\t\t<p><br \/><br \/><br \/><br \/><\/p><p><style>\n        body {<br \/>\n            font-family: Arial, sans-serif;<br \/>\n            margin: 20px;<br \/>\n        }<br \/>\n        table {<br \/>\n            width: 100%;<br \/>\n            border-collapse: collapse;<br \/>\n        }<br \/>\n        tr {<br \/>\n            border-bottom: 1px solid #ccc;<br \/>\n        }<br \/>\n        td {<br \/>\n            padding: 10px 5px;<br \/>\n            vertical-align: top;<br \/>\n        }<br \/>\n        td:first-child {<br \/>\n            font-weight: bold;<br \/>\n            width: 250px;<br \/>\n        }<br \/>\n    <\/style><\/p><p>\u00a0<\/p><h2>Detalles del arn\u00e9s<\/h2><table><tbody><tr><td>Etapa de vida<\/td><td>Adulto<\/td><\/tr><tr><td>Producto qu\u00edmico de alta preocupaci\u00f3n<\/td><td>Ninguno<\/td><\/tr><tr><td>Tipo de arn\u00e9s para perros<\/td><td>Arneses de chaleco<\/td><\/tr><tr><td>Dispositivo Inteligente<\/td><td>No<\/td><\/tr><tr><td>Es personalizado<\/td><td>No<\/td><\/tr><tr><td>Caracter\u00edstica<\/td><td>Escapada, Reflectante<\/td><\/tr><tr><td>Temporada<\/td><td>todas las temporadas<\/td><\/tr><tr><td>Material<\/td><td>Mezclas de poli\u00e9ster<\/td><\/tr><tr><td>Tipo<\/td><td>Arneses<\/td><\/tr><tr><td>Tipo (2)<\/td><td>Perros<\/td><\/tr><\/tbody><\/table><p>\u00a0<\/p>\t\t\t\t\t\t\t\t<\/div>\n\t\t\t\t\t<\/div>\n\t\t\t\t<\/div>\n\t\t\t\t<\/div>","protected":false},"excerpt":{"rendered":"<p>Detalles del arn\u00e9s Etapa de vida Adulto Producto qu\u00edmico de alta preocupaci\u00f3n Ninguno Tipo de arn\u00e9s para perros Arneses de chaleco Dispositivo Inteligente No Es personalizado No Caracter\u00edstica Escapada, Reflectante Temporada todas las temporadas Material Mezclas de poli\u00e9ster Tipo Arneses Tipo (2) Perros<\/p>","protected":false},"featured_media":858,"comment_status":"open","ping_status":"closed","template":"","meta":{"_acf_changed":false},"product_brand":[],"product_cat":[35,28],"product_tag":[],"class_list":{"0":"post-854","1":"product","2":"type-product","3":"status-publish","4":"has-post-thumbnail","6":"product_cat-new-in","7":"product_cat-pet-care","9":"first","10":"instock","11":"sale","12":"shipping-taxable","13":"purchasable","14":"product-type-variable","15":"has-default-attributes","16":"wvs-archive-product-wrapper"},"acf":[],"_links":{"self":[{"href":"https:\/\/dailyneedsmall.shop\/de\/wp-json\/wp\/v2\/product\/854","targetHints":{"allow":["GET"]}}],"collection":[{"href":"https:\/\/dailyneedsmall.shop\/de\/wp-json\/wp\/v2\/product"}],"about":[{"href":"https:\/\/dailyneedsmall.shop\/de\/wp-json\/wp\/v2\/types\/product"}],"replies":[{"embeddable":true,"href":"https:\/\/dailyneedsmall.shop\/de\/wp-json\/wp\/v2\/comments?post=854"}],"version-history":[{"count":6,"href":"https:\/\/dailyneedsmall.shop\/de\/wp-json\/wp\/v2\/product\/854\/revisions"}],"predecessor-version":[{"id":904,"href":"https:\/\/dailyneedsmall.shop\/de\/wp-json\/wp\/v2\/product\/854\/revisions\/904"}],"wp:featuredmedia":[{"embeddable":true,"href":"https:\/\/dailyneedsmall.shop\/de\/wp-json\/wp\/v2\/media\/858"}],"wp:attachment":[{"href":"https:\/\/dailyneedsmall.shop\/de\/wp-json\/wp\/v2\/media?parent=854"}],"wp:term":[{"taxonomy":"product_brand","embeddable":true,"href":"https:\/\/dailyneedsmall.shop\/de\/wp-json\/wp\/v2\/product_brand?post=854"},{"taxonomy":"product_cat","embeddable":true,"href":"https:\/\/dailyneedsmall.shop\/de\/wp-json\/wp\/v2\/product_cat?post=854"},{"taxonomy":"product_tag","embeddable":true,"href":"https:\/\/dailyneedsmall.shop\/de\/wp-json\/wp\/v2\/product_tag?post=854"}],"curies":[{"name":"wp","href":"https:\/\/api.w.org\/{rel}","templated":true}]}}